{"id":188,"date":"2015-06-23T11:19:43","date_gmt":"2015-06-23T09:19:43","guid":{"rendered":"http:\/\/www.konradhuber.at\/?page_id=188"},"modified":"2021-10-30T11:23:53","modified_gmt":"2021-10-30T09:23:53","slug":"archiv-2","status":"publish","type":"page","link":"https:\/\/www.konradhuber.at\/?page_id=188","title":{"rendered":"Archiv"},"content":{"rendered":"<div class=\"box_title\">\n<div class=\"page\" title=\"Page 1\">\n<div class=\"section\">\n<div class=\"layoutArea\">\n<div class=\"column\">\n<div class=\"layoutArea\">\n<div><\/div>\n<div>\n<div>\n<div><\/div>\n<div><span style=\"color: #000080;\"><strong>DIE SCH\u00d6NE M\u00dcLLERIN<\/strong><\/span><\/div>\n<div>WANDERKONZERT (NUR BEI SCH\u00d6NWETTER!!!)<\/div>\n<div><em>2162 FALKENSTEIN <strong>09.10.2021 16:00<\/strong><\/em><\/div>\n<div><a href=\"http:\/\/www.konradhuber.at\/wp-content\/uploads\/muellerin2021.pdf\">muellerin2021<\/a><\/div>\n<div><\/div>\n<div><\/div>\n<div style=\"text-align: center;\">\n<p><strong style=\"color: #333399;\">MUSIK &amp; LYRIK &#8222;DER D\u00c4MMRUNG INS MAUL&#8220;<\/strong><\/p>\n<\/div>\n<div>Kulturzentrum Toblach, Mittwoch 13.10.20:00<\/div>\n<div><\/div>\n<div><a href=\"http:\/\/www.konradhuber.at\/wp-content\/uploads\/Toblach-scaled.jpg\"><img loading=\"lazy\" class=\"alignnone size-medium wp-image-337\" src=\"http:\/\/www.konradhuber.at\/wp-content\/uploads\/Toblach-212x300.jpg\" alt=\"\" width=\"212\" height=\"300\" srcset=\"https:\/\/www.konradhuber.at\/wp-content\/uploads\/Toblach-212x300.jpg 212w, https:\/\/www.konradhuber.at\/wp-content\/uploads\/Toblach-722x1024.jpg 722w, https:\/\/www.konradhuber.at\/wp-content\/uploads\/Toblach-768x1089.jpg 768w, https:\/\/www.konradhuber.at\/wp-content\/uploads\/Toblach-1083x1536.jpg 1083w, https:\/\/www.konradhuber.at\/wp-content\/uploads\/Toblach-1444x2048.jpg 1444w, https:\/\/www.konradhuber.at\/wp-content\/uploads\/Toblach-scaled.jpg 1805w\" sizes=\"(max-width: 212px) 100vw, 212px\" \/><\/a><\/div>\n<div><\/div>\n<div><\/div>\n<div><\/div>\n<div><span style=\"color: #333399;\"><strong>LIEDERABEND<\/strong><\/span> im Vereinshaus Kaltern \/ S\u00fcdtirol<\/div>\n<div>Freitag 15.10.2021 20:00<\/div>\n<div><a href=\"https:\/\/www.kaltern.com\/de\/klassische-konzerte.html\">https:\/\/www.kaltern.com\/de\/klassische-konzerte.html<\/a><\/div>\n<div><\/div>\n<div><\/div>\n<div><\/div>\n<div><\/div>\n<div><span style=\"color: #333399;\"><strong>DIE SCH\u00d6NE M\u00dcLLERIN<\/strong><\/span><\/div>\n<div>STIFTSGARTEN KLOSTER NEUSTIFT S\u00dcDTIROL<\/div>\n<div>Samstag, 16.10.2021 16:00<\/div>\n<div><\/div>\n<div><\/div>\n<div><a href=\"http:\/\/www.konradhuber.at\/wp-content\/uploads\/Plakat-Muellerin.pdf\">Plakat M\u00fcllerin<\/a><\/div>\n<div><\/div>\n<\/div>\n<div><\/div>\n<div><\/div>\n<div class=\"column\"><span style=\"color: #000080;\"><strong>UKULELE IMPOSSIBLE<\/strong><\/span><\/div>\n<div><em>LISZTZENTRUM RAIDING <strong>26.09.2021 11:00<\/strong><\/em><\/div>\n<\/div>\n<div class=\"column\"><a href=\"https:\/\/kultur-burgenland.at\/veranstaltungen\/detail\/detailplugin\/martina-schaeffer-freunde-ukulele-impossible\/\">https:\/\/kultur-burgenland.at\/veranstaltungen\/detail\/detailplugin\/martina-schaeffer-freunde-ukulele-impossible\/<\/a><\/div>\n<\/div>\n<\/div>\n<h1><\/h1>\n<div><span style=\"color: initial; font-size: Revert;\">LIEDERABEND am Dienstag, 9.Oktober 2018 um 19:00<\/span><\/div>\n<\/div>\n<div class=\"layoutArea\">\n<div class=\"column\">\n<p>im Konzertsaal der Gesellschaft f\u00fcr Musiktheater, 1090 Wien, T\u00fcrkenstrasse 19<\/p>\n<p>KONRAD HUBER (Bariton) und VOLKER NEMMER (Klavier)<\/p>\n<p>Mit Werken aus unserer CD \u201eFahrende Gesellen. Eine Zeitreise\u201c<\/p>\n<p>von Hans Werner Henze, Ludwig Thuille, Egon Wellesz und Franz Schubert<\/p>\n<p><a href=\"http:\/\/www.konradhuber.at\/wp-content\/uploads\/Gesellschaft-f\u00fcr-Musiktheater.pdf\">Gesellschaft f\u00fcr Musiktheater<\/a><\/p>\n<\/div>\n<\/div>\n<div class=\"layoutArea\">\n<div class=\"column\">\n<div class=\"page\" title=\"Page 1\">\n<div class=\"section\">\n<div class=\"layoutArea\">\n<div class=\"column\">\n<p><strong>Liederabend &#8222;Himmel aus tr\u00fcber Gegenwart&#8220;<\/strong><\/p>\n<p>20.10.2018 19:00 Uhr Festsaal Falkenstein N\u00d6<\/p>\n<p>Franz Schubert und Johann Mayerhofer.\u00a0Bild und Spiegel einer Freundschaft<\/p>\n<\/div>\n<\/div>\n<\/div>\n<\/div>\n<p><a href=\"http:\/\/www.konradhuber.at\/wp-content\/uploads\/konzert2018_111jahre_maennerchor.pdf\">konzert2018_111jahre_maennerchor<\/a><\/p>\n<\/div>\n<\/div>\n<\/div>\n<\/div>\n<p>Mittwoch, 20.09.2018 18:00 Uhr 1070 Wien Bernardgasse 28<\/p>\n<p><a href=\"http:\/\/www.konradhuber.at\/wp-content\/uploads\/hoffest2018_herbst.pdf\">hoffest2018_herbst<\/a><\/p>\n<h6>Lieder und Gedanken zum Gedenkjahr 2018 (B.Brecht, A. Meneghetti, F. Lehar, Ed Nelson, Udo J\u00fcrgens)<\/h6>\n<pre>Konrad Huber, Gesang\nMiroslav Jankech, Akkordeon\nJohann Winkler, Moderation\n<\/pre>\n<p><strong>Gespr\u00e4chskonzert Franz Schubert zum 221. Geburtstag und 190. Todesjahr<\/strong><\/p>\n<p>Mittwoch, 31. J\u00e4nner 2018, 19:00 Uhr Musiksammlung der Wienbibliothek, Loos-R\u00e4ume Bartensteingasse 9, 1. Stock, 1010 Wien<\/p>\n<p><a href=\"http:\/\/www.wienbibliothek.at\/veranstaltungen-ausstellungen\/veranstaltungskalender\/gespraechskonzert-franz-schubert-221-geburtstag\">Musiksammlung Wienbibliothek<\/a><\/p>\n<h1>\u00a0Alban Berg: Lulu (Medizinalrat \/ Polizeikommiss\u00e4r \/ Professor)<\/h1>\n<p>3., 6., 9., 12. und 15.12.2017<\/p>\n<p>Wiener Staatsoper<\/p>\n<p><a href=\"https:\/\/www.wiener-staatsoper.at\/spielplan-tickets\/detail\/event\/964938562-lulu-3-aktige-fassung\/\">Lulu<\/a><\/p>\n<h1>Sitzendorfer Musik &#8211; Herbst &#8211; Tage 2017<\/h1>\n<div class=\"box_title\">\n<p>Ingomar Rainer &#8211; Orgel<br \/>\nJocelyne Rainer \u2013 Violine<br \/>\nPhilipp Comploi \u2013 Violoncello<br \/>\nKonrad Huber &#8211; Bass<br \/>\nGiti Huber \u2013 Sopran (Choralstimme)<br \/>\nWerke von Johann Sebastian Bach, Jean Paul Westhoff, Domenico Gabrielli,<br \/>\nAlessandro Stradella und Georg Philipp Telemann<br \/>\nDas \u201eUnaussprechliche auszusprechen\u201c ist frei nach Goethe die einzigartige Gabe der Musik. Johann Sebastian Bachs vierteilige Kantate \u201eDer Friede sei mit dir\u201c (BWV 158) gibt in diesem Sinne den Ton unseres diesj\u00e4hrigen \u201eKirchenkonzerts\u201c vor. Das Werk setzt mit der Beschw\u00f6rung des \u201ehimmlischen Friedens\u201c die Sehnsucht nach spiritueller Erl\u00f6sung in Gegensatz zur Not erdgebundener Unrast in von Kriegen und eitel materiellem Gl\u00fccksstreben geplagter Zeit.<\/p>\n<p>Passend dazu verdichtet Georg Philipp Telemanns Kantate \u201eMein Herze lachet vor Vergn\u00fcgen\u201c (TMV 20:58) die ewige Frage nach dem \u201ewahren\u201c Leben zu der eindringlichen Botschaft &#8222;Wer nach eitlem Gl\u00fcck trachtet, wird in die Irre gehen&#8220;. Konrad Huber hat als Gesangssolist schon 2014 unser Publikum begeistert. Der vielseitig ausgebildete und vielfach ausgezeichnete Bassbariton liebt und versteht es, neben seiner T\u00e4tigkeit als Chorsolist an der Wiener Staatsoper eigene Lied- oder Konzertprogramme h\u00f6chst erfolgreich zu gestalten.<\/p>\n<p>Ingomar und Jocelyne Rainer sowie der Cellist Philipp Comploi sind durch jahrzehntelange Erfahrung aus Lehrt\u00e4tigkeit und aus\u00fcbender Praxis in gro\u00dfen und kleinen Ensembles erstrangige Interpreten, um uns begleitend und in den das Programm erg\u00e4nzenden rein instrumentalen Kompositionen auch solistisch im herrlichen Klangraum der Pfarrkirche St. Martin Sch\u00f6nheit, Glanz und Gehalt der ausgew\u00e4hlten Meisterwerke erleben zu lassen.<\/p>\n<div class=\"clear_both\"><\/div>\n<table class=\"verticaltable\">\n<tbody>\n<tr>\n<th scope=\"row\">Termin<\/th>\n<td>\n<div class=\"ris_datetime\">\n<div class=\"ris_date\"><abbr title=\"Sonntag\">So<\/abbr>, 17.09.2017<\/div>\n<\/div>\n<\/td>\n<\/tr>\n<tr>\n<th scope=\"row\">Zeit<\/th>\n<td>16:30 Uhr<\/td>\n<\/tr>\n<tr>\n<th scope=\"row\">Ort<\/th>\n<td>3714 Sitzendorf an der Schmida<\/td>\n<\/tr>\n<tr>\n<th scope=\"row\">Veranstaltungsst\u00e4tte<\/th>\n<td><a href=\"http:\/\/www.sitzendorf.at\/system\/web\/veranstaltungsstaette.aspx?detailonr=225535361&amp;menuonr=220557600\">Kirche St. Martin<\/a><\/td>\n<\/tr>\n<\/tbody>\n<\/table>\n<h2>Kontakt<\/h2>\n<table class=\"verticaltable\">\n<tbody>\n<tr>\n<th scope=\"row\">Web<\/th>\n<td><a href=\"http:\/\/www.sitzendorf.at\/\">http:\/\/www.sitzendorf.at<\/a><\/td>\n<\/tr>\n<\/tbody>\n<\/table>\n<\/div>\n<p><a href=\"http:\/\/www.wiener-staatsoper.at\/spielplan-tickets\/detail\/event\/964930130-der-spieler\/\">Staatsoper: \u00a0 Der Spieler<\/a><\/p>\n<p>Premiere 4. Oktober 2017<\/p>\n<p>Rolle: vierter Spieler<\/p>\n<p><strong>\u00a0<\/strong><\/p>\n<h1><\/h1>\n<h1><\/h1>\n<h1><a href=\"http:\/\/www.konradhuber.at\/wp-content\/uploads\/hoffest2016.pdf\">hoffest2016<\/a><\/h1>\n<h1><\/h1>\n<h1><a href=\"http:\/\/www.ateliertheater.net\/products\/die-schone-magelone\/\" target=\"_blank\" rel=\"noopener\"><u><span style=\"color: #0066cc;\">Ateliertheater<\/span><\/u><\/a><\/h1>\n<h1>DIE SCH\u00d6NE MAGELONE<\/h1>\n<\/div>\n<div class=\"box_content\">\n<div class=\"productDetail\">\n<p><span class=\"image\"><a title=\"Die Seite wird in einem neuen Fenster angezeigt.\" href=\"http:\/\/www.ateliertheater.net\/images\/200001793-7cbeb7db9f\/drassl.jpg\"><img loading=\"lazy\" src=\"http:\/\/files.ateliertheater.net\/system_preview_detail_200001793-7cbeb7db9f\/drassl.jpg\" alt=\"DIE SCH\u00d6NE MAGELONE\" width=\"177\" height=\"244\" \/><u> <\/u><\/a> <\/span><\/p>\n<div class=\"cleaner\"><!-- \/ --><\/div>\n<div class=\"text\">\n<h5><b><span style=\"font-family: Times; font-size: xx-large;\"><em><span style=\"font-family: Times; font-size: xx-large;\">DIE SCH\u00d6NE MAGELONE<\/span><\/em><\/span><\/b><\/h5>\n<h5><b><span style=\"font-family: Times; font-size: xx-large;\"><em><span style=\"font-family: Times; font-size: xx-large;\">Musikalische Rezitation<\/span><\/em><\/span><\/b><\/h5>\n<h5><b><em><span style=\"font-family: Times;\">Musik Johannes Brahms<\/span><\/em><\/b><\/h5>\n<h5><b><em><span style=\"font-family: Times; font-size: x-large;\">Autor Ludwig Tieck<\/span><\/em><\/b><\/h5>\n<h5><\/h5>\n<h5><span style=\"font-family: Times; font-size: 300%;\">Sonntag den 20.12 um 16.00 Uhr<\/span><\/h5>\n<h5><\/h5>\n<h5><b><span style=\"font-family: Times; font-size: x-large;\"><em><span style=\"font-family: Times; font-size: x-large;\">Mit\u00a0<\/span><\/em><\/span><\/b><\/h5>\n<h5><b><span style=\"font-family: Times; font-size: x-large;\"><em><span style=\"font-family: Times; font-size: x-large;\">GERTI DRASSL &#8211; \u00a0Rezitation<\/span><\/em><\/span><\/b><\/h5>\n<h5><b><span style=\"font-family: Times; font-size: x-large;\"><em><span style=\"font-family: Times; font-size: x-large;\">KONRAD HUBER &#8211; Gesang<\/span><\/em><\/span><\/b><\/h5>\n<h5><b><em><span style=\"font-family: Times; font-size: x-large;\">VOLKER NEMMER &#8211; Klavier<\/span><\/em><\/b><\/h5>\n<\/div>\n<\/div>\n<\/div>\n<p><a href=\"http:\/\/www.konradhuber.at\/wp-content\/uploads\/Postkarte_Seite_1.png\"><img loading=\"lazy\" class=\"alignnone wp-image-214 size-large\" src=\"http:\/\/www.konradhuber.at\/wp-content\/uploads\/Postkarte_Seite_1-682x1024.png\" alt=\"Postkarte_Seite_1\" width=\"682\" height=\"1024\" srcset=\"https:\/\/www.konradhuber.at\/wp-content\/uploads\/Postkarte_Seite_1-682x1024.png 682w, https:\/\/www.konradhuber.at\/wp-content\/uploads\/Postkarte_Seite_1-200x300.png 200w, https:\/\/www.konradhuber.at\/wp-content\/uploads\/Postkarte_Seite_1.png 945w\" sizes=\"(max-width: 682px) 100vw, 682px\" \/><\/a><\/p>\n<p>Gespr\u00e4chskonzert im \u00d61 Radiocafe<\/p>\n<p>Termin: 23.09.2015<\/p>\n<p>Zeit: 19:30<\/p>\n<p>Thema: Johann Wolfgang Islam<\/p>\n<p><a href=\"http:\/\/radiokulturhaus.orf.at\/artikel\/412822\"><u><span style=\"color: #0066cc;\">http:\/\/radiokulturhaus.orf.at\/artikel\/412822<\/span><\/u><\/a><\/p>\n<p>Im Bachjahr 2015 am 330. Geburtstag von J. S. Bach <a href=\"http:\/\/www.konradhuber.at\/wp-content\/uploads\/Bachfoto.jpg\"><img loading=\"lazy\" class=\" size-medium wp-image-148 alignleft\" src=\"http:\/\/www.konradhuber.at\/wp-content\/uploads\/Bachfoto-300x243.jpg\" alt=\"Bachfoto\" width=\"300\" height=\"243\" srcset=\"https:\/\/www.konradhuber.at\/wp-content\/uploads\/Bachfoto-300x243.jpg 300w, https:\/\/www.konradhuber.at\/wp-content\/uploads\/Bachfoto.jpg 334w\" sizes=\"(max-width: 300px) 100vw, 300px\" \/><\/a> <strong>MATTH\u00c4US-PASSION<\/strong><strong><em> (BWV 244)<\/em> <\/strong><\/p>\n<p><strong>von Johann Sebastian BACH<\/strong> \u00a0 \u00a0 <strong>\u00a0<\/strong><\/p>\n","protected":false},"excerpt":{"rendered":"<p>DIE SCH\u00d6NE M\u00dcLLERIN WANDERKONZERT (NUR BEI SCH\u00d6NWETTER!!!) 2162 FALKENSTEIN 09.10.2021 16:00 muellerin2021 MUSIK &amp; LYRIK &#8222;DER D\u00c4MMRUNG INS MAUL&#8220; Kulturzentrum Toblach, Mittwoch 13.10.20:00 LIEDERABEND im Vereinshaus Kaltern \/ S\u00fcdtirol Freitag 15.10.2021 20:00 https:\/\/www.kaltern.com\/de\/klassische-konzerte.html DIE SCH\u00d6NE &hellip; <a href=\"https:\/\/www.konradhuber.at\/?page_id=188\">Weiterlesen<\/a><\/p>\n","protected":false},"author":1,"featured_media":212,"parent":0,"menu_order":0,"comment_status":"closed","ping_status":"closed","template":"","meta":[],"_links":{"self":[{"href":"https:\/\/www.konradhuber.at\/index.php?rest_route=\/wp\/v2\/pages\/188"}],"collection":[{"href":"https:\/\/www.konradhuber.at\/index.php?rest_route=\/wp\/v2\/pages"}],"about":[{"href":"https:\/\/www.konradhuber.at\/index.php?rest_route=\/wp\/v2\/types\/page"}],"author":[{"embeddable":true,"href":"https:\/\/www.konradhuber.at\/index.php?rest_route=\/wp\/v2\/users\/1"}],"replies":[{"embeddable":true,"href":"https:\/\/www.konradhuber.at\/index.php?rest_route=%2Fwp%2Fv2%2Fcomments&post=188"}],"version-history":[{"count":29,"href":"https:\/\/www.konradhuber.at\/index.php?rest_route=\/wp\/v2\/pages\/188\/revisions"}],"predecessor-version":[{"id":352,"href":"https:\/\/www.konradhuber.at\/index.php?rest_route=\/wp\/v2\/pages\/188\/revisions\/352"}],"wp:featuredmedia":[{"embeddable":true,"href":"https:\/\/www.konradhuber.at\/index.php?rest_route=\/wp\/v2\/media\/212"}],"wp:attachment":[{"href":"https:\/\/www.konradhuber.at\/index.php?rest_route=%2Fwp%2Fv2%2Fmedia&parent=188"}],"curies":[{"name":"wp","href":"https:\/\/api.w.org\/{rel}","templated":true}]}}