{"id":27,"date":"2014-12-05T07:08:54","date_gmt":"2014-12-05T05:08:54","guid":{"rendered":"http:\/\/www.konradhuber.at\/?page_id=27"},"modified":"2021-09-17T18:03:56","modified_gmt":"2021-09-17T16:03:56","slug":"ueber-mich-2","status":"publish","type":"page","link":"https:\/\/www.konradhuber.at\/?page_id=27","title":{"rendered":"\u00dcber mich"},"content":{"rendered":"<p style=\"text-align: justify;\"><strong>KONRAD<\/strong><strong> HUBER<\/strong><\/p>\n<p style=\"text-align: justify;\"><strong>BARITON<\/strong><\/p>\n<p style=\"text-align: justify;\">Geboren in Brixen (S\u00fcdtirol). Nach der Matura am Humanistischen Gymnasium Vinzentinum Studien am Konservatorium der Stadt Wien (Sologesang, Oper, Gesangsp\u00e4dagogik und Kontraba\u00df), an der Hochschule f\u00fcr Musik und darstellende Kunst (Lied und Oratorium) und an der Universit\u00e4t Wien (Klassische Philologie und Musikwissenschaften).<\/p>\n<p style=\"text-align: justify;\">Teilnahme an zahlreichen Meisterkursen (bei Erik Werba, Gottfried Hornik, Kurt Equiluz, Wicus Slabbert und James King) und Wettbewerben (Erster Liedpreis in Bozen, Zweiter Preis beim Int.Operetten-Nachwuchswettbewerb Nico Dostal, Semifinalist beim Internationalen Gesangswettbewerb Belvedere).<\/p>\n<p style=\"text-align: justify;\"><!--more--><\/p>\n<p style=\"text-align: justify;\">Zahlreiche Engagements bei verschiedenen Festivals und Theatern (Wiener Festwochen, Seefestspiele M\u00f6rbisch, Wien Modern, Salzburger Festspiele, Wiener Burgtheater) in verschiedensten Rollen (etwa Escamillo in \u201eCarmen\u201c, Graf Almaviva in \u201eLe nozze di Figaro, Graf Eberbach in \u201eDer Wildsch\u00fctz\u201c, Dr.Falke in \u201eDie Fledermaus\u201c, Odysseus im gleichnamigen Musical, Lord Evelyn Oakleigh in \u201eAnything goes\u201c u.v.m.).<\/p>\n<p style=\"text-align: justify;\">Solist bei den S\u00fcdtiroler Operettenspielen (2010 Dr.Falke in \u201eDie Fledermaus\u201c, 2011 Dr.Zeta in \u201eDie lustige Witwe\u201c).<\/p>\n<p style=\"text-align: justify;\">Mitwirkung bei wichtigen Urauff\u00fchrungen (etwa O.Neuwirths \u201eB\u00e4hlamms Fest\u201c, J.Doderers \u201eDie Fremde\u201c oder F.Reschs \u201eMichael Pacher\u201c).<\/p>\n<p style=\"text-align: justify;\">Tourneen durch \u00d6sterreich, Deutschland, Italien, Polen, Taiwan, China und Japan (Beethoven \u201e9.Symphonie\u201c, \u201eMartha\u201c von Flotow, \u201eOrpheus in der Unterwelt\u201c von J.Offenbach, Operettenkonzerte).<\/p>\n<p style=\"text-align: justify;\">Solist bei den Sch\u00f6nbrunner Schlo\u00dfkonzerten (Orangerie). 2020 grosse Skandinavientournee.<\/p>\n<p style=\"text-align: justify;\">Seit 2002 im Chor der <strong>Wiener Staatsoper<\/strong>. Zahlreiche Auftritte als Solist in der Wiener Staatsoper (Der Rosenkavalier, Johnny spielt auf, Gianni Schicchi, La Boh\u00e8me, Peter Grimes, Lulu, Moses und Aron, La Fille du Regiment, Arabella, Manon, Idomeneo) und bei den Salzburger Festspielen (2003 Urauff\u00fchrung von H.W.Henzes \u201eL\u2019Upupa\u201c, R.Strauss &#8222;Liebe der Danae&#8220;, G.Enescu &#8222;Oedipe&#8220;).<\/p>\n","protected":false},"excerpt":{"rendered":"<p>KONRAD HUBER BARITON Geboren in Brixen (S\u00fcdtirol). Nach der Matura am Humanistischen Gymnasium Vinzentinum Studien am Konservatorium der Stadt Wien (Sologesang, Oper, Gesangsp\u00e4dagogik und Kontraba\u00df), an der Hochschule f\u00fcr Musik und darstellende Kunst (Lied und &hellip; <a href=\"https:\/\/www.konradhuber.at\/?page_id=27\">Weiterlesen<\/a><\/p>\n","protected":false},"author":1,"featured_media":108,"parent":0,"menu_order":0,"comment_status":"open","ping_status":"open","template":"portfolio.php","meta":[],"_links":{"self":[{"href":"https:\/\/www.konradhuber.at\/index.php?rest_route=\/wp\/v2\/pages\/27"}],"collection":[{"href":"https:\/\/www.konradhuber.at\/index.php?rest_route=\/wp\/v2\/pages"}],"about":[{"href":"https:\/\/www.konradhuber.at\/index.php?rest_route=\/wp\/v2\/types\/page"}],"author":[{"embeddable":true,"href":"https:\/\/www.konradhuber.at\/index.php?rest_route=\/wp\/v2\/users\/1"}],"replies":[{"embeddable":true,"href":"https:\/\/www.konradhuber.at\/index.php?rest_route=%2Fwp%2Fv2%2Fcomments&post=27"}],"version-history":[{"count":16,"href":"https:\/\/www.konradhuber.at\/index.php?rest_route=\/wp\/v2\/pages\/27\/revisions"}],"predecessor-version":[{"id":322,"href":"https:\/\/www.konradhuber.at\/index.php?rest_route=\/wp\/v2\/pages\/27\/revisions\/322"}],"wp:featuredmedia":[{"embeddable":true,"href":"https:\/\/www.konradhuber.at\/index.php?rest_route=\/wp\/v2\/media\/108"}],"wp:attachment":[{"href":"https:\/\/www.konradhuber.at\/index.php?rest_route=%2Fwp%2Fv2%2Fmedia&parent=27"}],"curies":[{"name":"wp","href":"https:\/\/api.w.org\/{rel}","templated":true}]}}